{"id":1078,"date":"2015-07-29T13:44:44","date_gmt":"2015-07-29T13:44:44","guid":{"rendered":"https:\/\/blockart-agency.sites.qsandbox.com\/?page_id=4"},"modified":"2023-07-24T20:50:37","modified_gmt":"2023-07-24T23:50:37","slug":"home-2-2","status":"publish","type":"page","link":"https:\/\/sbdtdf.com.br\/","title":{"rendered":"Home"},"content":{"rendered":"\t\t<div id=\"serious-slider-25-rnd8790\" class=\"cryout-serious-slider seriousslider serious-slider-25-rnd8790 cryout-serious-slider-25 seriousslider-overlay1 seriousslider-light seriousslider-shadow-none seriousslider-responsive-maintain seriousslider-hidetitles-0 seriousslider-slide seriousslider-sizing0 seriousslider-alignleft seriousslider-caption-animation-slide seriousslider-textstyle-textshadow\" data-ride=\"seriousslider\">\n\t\t\t<div class=\"seriousslider-inner\" role=\"listbox\">\n\n\t\t\t\n\t\t\t<div class=\"item slide-1 active\" role=\"option\">\n\t\t\t\t\t\t\t\t<a  href=\"https:\/\/sbdtdf.com.br\/?p=1447\" >\n\t\t\t\t\t<img class=\"item-image\" src=\"https:\/\/sbdtdf.com.br\/wp-content\/uploads\/2023\/07\/NOVOS-PRODUTOS.png\" alt=\"\" >\n\t\t\t\t<\/a>\n\t\t\t\t\t\t\t\t\t\t\t\t<div class=\"seriousslider-hloader\"><\/div>\n\t\t\t\t<figure class=\"seriousslider-cloader\">\n\t\t\t\t\t<svg width=\"200\" height=\"200\">\n\t\t\t\t\t\t<circle cx=\"95\" cy=\"95\" r=\"20\" transform=\"rotate(-90, 95, 95)\"\/>\n\t\t\t\t\t<\/svg>\n\t\t\t  <\/figure>\n\t\t\t<\/div>\n\n\t\t\t\n\t\t\t<div class=\"item slide-2 \" role=\"option\">\n\t\t\t\t\t\t\t\t<a  href=\"https:\/\/sbdtdf.com.br\/?page_id=563\" >\n\t\t\t\t\t<img class=\"item-image\" src=\"https:\/\/sbdtdf.com.br\/wp-content\/uploads\/2023\/07\/NOVOS-PRODUTOS-1.png\" alt=\"\" >\n\t\t\t\t<\/a>\n\t\t\t\t\t\t\t\t\t\t\t\t<div class=\"seriousslider-hloader\"><\/div>\n\t\t\t\t<figure class=\"seriousslider-cloader\">\n\t\t\t\t\t<svg width=\"200\" height=\"200\">\n\t\t\t\t\t\t<circle cx=\"95\" cy=\"95\" r=\"20\" transform=\"rotate(-90, 95, 95)\"\/>\n\t\t\t\t\t<\/svg>\n\t\t\t  <\/figure>\n\t\t\t<\/div>\n\n\t\t\t\t\t\t<\/div>\n\n\t\t\t<div class=\"seriousslider-indicators\">\n\t\t\t\t<ol class=\"seriousslider-indicators-inside\">\n\t\t\t\t\t\t\t\t\t\t<li data-target=\"#serious-slider-25-rnd8790\" data-slide-to=\"0\" class=\"active\"><\/li>\n\t\t\t\t\t\t\t\t\t\t<li data-target=\"#serious-slider-25-rnd8790\" data-slide-to=\"1\" ><\/li>\n\t\t\t\t\t\t\t\t\t<\/ol>\n\t\t\t<\/div>\n\n\t\t\t<button class=\"left seriousslider-control\" data-target=\"#serious-slider-25-rnd8790\" role=\"button\" data-slide=\"prev\">\n\t\t\t  <span class=\"sicon-prev control-arrow\" aria-hidden=\"true\"><\/span>\n\t\t\t  <span class=\"sr-only\">Previous Slide<\/span>\n\t\t\t<\/button>\n\t\t\t<button class=\"right seriousslider-control\" data-target=\"#serious-slider-25-rnd8790\" role=\"button\" data-slide=\"next\">\n\t\t\t  <span class=\"sicon-next control-arrow\" aria-hidden=\"true\"><\/span>\n\t\t\t  <span class=\"sr-only\">Next Slide<\/span>\n\t\t\t<\/button>\n\t\t<\/div>\n\t\t\n<p><\/p>\n\n\n<div class=\"blockart-section blockart-section-3274e693\"><div class=\"blockart-container\"><div class=\"blockart-section-inner\">\n<div class=\"blockart-column blockart-column-5c451749\"><div class=\"blockart-column-inner\">\n<h1 class=\"blockart-heading blockart-heading-715dd37b\">1\u00ba Congresso SBDT<\/h1>\n\n\n\n<p class=\"blockart-paragraph blockart-paragraph-1ad4af93\">Noticia\/publica\u00e7\u00e3o\/informativo\/divulga\u00e7\u00e3o principal, breve descri\u00e7\u00e3o e bot\u00e3o de acesso para mat\u00e9ria completa.<\/p>\n\n\n\n<div class=\"blockart-buttons blockart-buttons-cc6ab35a is-horizontal is-wrap\">\n<div class=\"blockart-button blockart-button-73e2d9d7 \"><a class=\"blockart-button-link is-custom is-style-filled\" href=\"https:\/\/sbdtdf.com.br\/?page_id=1430\">acessar<\/a><\/div>\n<\/div>\n<\/div><\/div>\n\n\n\n<div class=\"blockart-column blockart-column-717e808b\"><div class=\"blockart-column-inner\">\n<div class=\"blockart-image blockart-image-6f3ae846\"><img decoding=\"async\" loading=\"lazy\" class=\"wp-image-1195\" src=\"https:\/\/sbdtdf.com.br\/wp-content\/uploads\/2023\/04\/imagem-referente-ao-enunciado-13.png\" alt=\"\" height=\"1006\" width=\"1158\" srcset=\"https:\/\/sbdtdf.com.br\/wp-content\/uploads\/2023\/04\/imagem-referente-ao-enunciado-13.png 1158w, https:\/\/sbdtdf.com.br\/wp-content\/uploads\/2023\/04\/imagem-referente-ao-enunciado-13-300x261.png 300w, https:\/\/sbdtdf.com.br\/wp-content\/uploads\/2023\/04\/imagem-referente-ao-enunciado-13-1024x890.png 1024w, https:\/\/sbdtdf.com.br\/wp-content\/uploads\/2023\/04\/imagem-referente-ao-enunciado-13-768x667.png 768w, https:\/\/sbdtdf.com.br\/wp-content\/uploads\/2023\/04\/imagem-referente-ao-enunciado-13-600x521.png 600w\" sizes=\"(max-width: 1158px) 100vw, 1158px\" \/><\/div>\n<\/div><\/div>\n<\/div><\/div><\/div>\n\n\n\n<div class=\"aligncenter blockart-section blockart-section-ca3b7b9f aligncenter\"><div class=\"blockart-container-fluid\"><div class=\"blockart-section-inner\">\n<div class=\"blockart-column blockart-column-5fa93e18\"><div class=\"blockart-column-inner\">\n<div class=\"blockart-image blockart-image-f8461aa0\"><a href=\"https:\/\/www.sbdtdf.com.br\/?page_id=1449\"><img decoding=\"async\" loading=\"lazy\" class=\"wp-image-1169\" src=\"https:\/\/sbdtdf.com.br\/wp-content\/uploads\/2023\/04\/imagem-referente-ao-enunciado-2.png\" alt=\"\" height=\"65\" width=\"65\"\/><\/a><\/div>\n\n\n\n<h2 class=\"blockart-heading blockart-heading-12f0ef49\"><a href=\"https:\/\/sbdtdf.com.br\/?page_id=1449\" title=\"Equipe\">equipe<\/a><\/h2>\n<\/div><\/div>\n\n\n\n<div class=\"blockart-column blockart-column-4eff3299\"><div class=\"blockart-column-inner\">\n<div class=\"blockart-image blockart-image-9a37870e\"><a href=\"https:\/\/www.sbdtdf.com.br\/?page_id=1410\"><img decoding=\"async\" loading=\"lazy\" class=\"wp-image-1171\" src=\"https:\/\/sbdtdf.com.br\/wp-content\/uploads\/2023\/04\/imagem-referente-ao-enunciado-4.png\" alt=\"\" height=\"65\" width=\"65\"\/><\/a><\/div>\n\n\n\n<h2 class=\"blockart-heading blockart-heading-2276db7c\"><a href=\"https:\/\/sbdtdf.com.br\/?page_id=1410\" title=\"Agenda\">agenda<\/a><\/h2>\n<\/div><\/div>\n\n\n\n<div class=\"blockart-column blockart-column-e090615f\"><div class=\"blockart-column-inner\">\n<div class=\"blockart-image blockart-image-1db335ff\"><a href=\"https:\/\/www.sbdtdf.com.br\/?page_id=1413\"><img decoding=\"async\" loading=\"lazy\" class=\"wp-image-1172\" src=\"https:\/\/sbdtdf.com.br\/wp-content\/uploads\/2023\/04\/imagem-referente-ao-enunciado-3.png\" alt=\"\" height=\"65\" width=\"65\"\/><\/a><\/div>\n\n\n\n<h2 class=\"blockart-heading blockart-heading-e868582c\"><a href=\"https:\/\/sbdtdf.com.br\/?page_id=1413\" title=\"Galeria\">galeria<\/a><\/h2>\n<\/div><\/div>\n\n\n\n<div class=\"blockart-column blockart-column-71394df3\"><div class=\"blockart-column-inner\">\n<div class=\"blockart-image blockart-image-1460ab37\"><a href=\"http:\/\/www.sbdtdf.com.br\/?page_id=1416\"><img decoding=\"async\" loading=\"lazy\" class=\"wp-image-1173\" src=\"https:\/\/sbdtdf.com.br\/wp-content\/uploads\/2023\/04\/imagem-referente-ao-enunciado-1.png\" alt=\"\" height=\"65\" width=\"65\"\/><\/a><\/div>\n\n\n\n<h2 class=\"blockart-heading blockart-heading-e08baca8\"><a href=\"https:\/\/sbdtdf.com.br\/?page_id=1416\" title=\"Arquivos\">arquivos<\/a><\/h2>\n<\/div><\/div>\n\n\n\n<div class=\"blockart-column blockart-column-8c1f2a27\"><div class=\"blockart-column-inner\">\n<div class=\"blockart-image blockart-image-fe57d899\"><a href=\"http:\/\/www.sbdtdf.com.br\/?page_id=1430\"><img decoding=\"async\" loading=\"lazy\" class=\"wp-image-1174\" src=\"https:\/\/sbdtdf.com.br\/wp-content\/uploads\/2023\/04\/imagem-referente-ao-enunciado-5.png\" alt=\"\" height=\"65\" width=\"65\"\/><\/a><\/div>\n\n\n\n<h2 class=\"blockart-heading blockart-heading-e126d413\"><a href=\"https:\/\/sbdtdf.com.br\/?page_id=1430\" title=\"Eventos\">eventos<\/a><\/h2>\n<\/div><\/div>\n\n\n\n<div class=\"blockart-column blockart-column-b9af5683\"><div class=\"blockart-column-inner\">\n<div class=\"blockart-image blockart-image-1886d445\"><a href=\"http:\/\/www.sbdtdf.com.br\/?page_id=1443\"><img decoding=\"async\" loading=\"lazy\" class=\"wp-image-1175\" src=\"https:\/\/sbdtdf.com.br\/wp-content\/uploads\/2023\/04\/imagem-referente-ao-enunciado-6.png\" alt=\"\" height=\"65\" width=\"65\"\/><\/a><\/div>\n\n\n\n<h2 class=\"blockart-heading blockart-heading-caca05f3\"><a href=\"https:\/\/sbdtdf.com.br\/?page_id=1443\" title=\"Informa\u00e7\u00f5es\">informa\u00e7\u00f5es<\/a><\/h2>\n<\/div><\/div>\n<\/div><\/div><\/div>\n\n\n\n<p><\/p>\n\n\n\n<div class=\"wp-block-columns alignwide are-vertically-aligned-center is-layout-flex wp-container-5\">\n<div class=\"wp-block-column is-vertically-aligned-center is-layout-flow\" style=\"flex-basis:100%\">\n<div class=\"wp-block-group alignfull is-content-justification-center is-nowrap is-layout-flex wp-container-3\">\n<div class=\"blockart-section blockart-section-13711100\"><div class=\"blockart-container\"><div class=\"blockart-section-inner\">\n<div class=\"blockart-column blockart-column-18e3ecb2\"><div class=\"blockart-column-inner\">\n<div class=\"blockart-image blockart-image-801c3760\"><img decoding=\"async\" loading=\"lazy\" class=\"wp-image-1178\" src=\"https:\/\/sbdtdf.com.br\/wp-content\/uploads\/2023\/04\/imagem-referente-ao-enunciado-7.png\" alt=\"\" height=\"1039\" width=\"1525\" srcset=\"https:\/\/sbdtdf.com.br\/wp-content\/uploads\/2023\/04\/imagem-referente-ao-enunciado-7.png 1525w, https:\/\/sbdtdf.com.br\/wp-content\/uploads\/2023\/04\/imagem-referente-ao-enunciado-7-300x204.png 300w, https:\/\/sbdtdf.com.br\/wp-content\/uploads\/2023\/04\/imagem-referente-ao-enunciado-7-1024x698.png 1024w, https:\/\/sbdtdf.com.br\/wp-content\/uploads\/2023\/04\/imagem-referente-ao-enunciado-7-768x523.png 768w, https:\/\/sbdtdf.com.br\/wp-content\/uploads\/2023\/04\/imagem-referente-ao-enunciado-7-600x409.png 600w\" sizes=\"(max-width: 1525px) 100vw, 1525px\" \/><\/div>\n<\/div><\/div>\n<\/div><\/div><\/div>\n\n\n\n<div class=\"wp-block-group is-vertical is-layout-flex wp-container-2\">\n<div class=\"wp-block-group is-layout-constrained\">\n<h1 class=\"blockart-heading blockart-heading-bb8add70\" style=\"text-align: left;\"><strong>Seja bem <\/strong><strong>vindo.<\/strong><\/h1>\n<\/div>\n\n\n\n<p class=\"blockart-paragraph blockart-paragraph-1ad4af93\">Bem-vindo ao site informativo da SBDT! Estamos aqui para fornecer informa\u00e7\u00f5es valiosas sobre a import\u00e2ncia de cuidar da sa\u00fade pulmonar e como podemos ajudar a manter seus pulm\u00f5es saud\u00e1veis.<br>Nossos pulm\u00f5es desempenham um papel vital em nossa vida di\u00e1ria, permitindo-nos respirar e fornecer oxig\u00eanio essencial para todas as c\u00e9lulas do nosso corpo. Portanto, \u00e9 fundamental tomar medidas para cuidar adequadamente desses \u00f3rg\u00e3os vitais.<\/p>\n<p><\/p>\n<\/div>\n<\/div>\n<\/div>\n<\/div>\n\n\n\n<div class=\"wp-block-group alignfull is-layout-constrained\">\n<p><\/p>\n\n\n\n<div class=\"wp-block-columns alignfull are-vertically-aligned-center is-layout-flex wp-container-7\">\n<div class=\"wp-block-column is-vertically-aligned-center is-layout-flow\" style=\"flex-basis:100%\">\n<h1 class=\"blockart-heading blockart-heading-5749f8c7\"><strong><center>\u00daltimas postagens e artigos<\/center><\/strong><\/h2>\n<\/div>\n<\/div>\n\n\n\n<p><\/p>\n<\/div>\n\n\n\n<div class=\"wp-block-query is-layout-flow\"><ul class=\"is-flex-container columns-3 wp-block-post-template is-layout-flow\"><li class=\"wp-block-post post-1447 post type-post status-publish format-standard hentry category-sem-categoria\">\n\n<div class=\"wp-block-group is-layout-flow\" style=\"padding-top:30px;padding-right:30px;padding-bottom:30px;padding-left:30px\">\n<div class=\"wp-block-group is-vertical is-layout-flex wp-container-9\"><h1 class=\"wp-block-post-title\"><a href=\"https:\/\/sbdtdf.com.br\/?p=1447\" target=\"_self\" >Novos produtos, velhos problemas<\/a><\/h1>\n\n<div class=\"wp-block-post-excerpt\"><p class=\"wp-block-post-excerpt__excerpt\">Os dispositivos eletr\u00f4nicos para fumar (DEFs) s\u00e3o novos tipos de produtos de tabaco, apresentados em diferentes modelos e sistemas, como os cigarros eletr\u00f4nicos, os produtos de tabaco aquecido, e-cigs, pods e vapes. Apesar de novos produtos, velhos problemas: todos eles cont\u00eam nicotina, subst\u00e2ncia altamente viciante. O crescimento expressivo desses dispositivos tem sido observado sobretudo entre [&hellip;] <\/p><\/div><\/div>\n\n\n<div class=\"wp-block-post-date\"><time datetime=\"2023-07-24T13:56:30-03:00\">24 de July de 2023<\/time><\/div><\/div>\n\n<\/li><li class=\"wp-block-post post-1440 post type-post status-publish format-standard hentry category-sem-categoria\">\n\n<div class=\"wp-block-group is-layout-flow\" style=\"padding-top:30px;padding-right:30px;padding-bottom:30px;padding-left:30px\">\n<div class=\"wp-block-group is-vertical is-layout-flex wp-container-11\"><h1 class=\"wp-block-post-title\"><a href=\"https:\/\/sbdtdf.com.br\/?p=1440\" target=\"_self\" >Tosse no inverno: quando procurar um m\u00e9dico?<\/a><\/h1>\n\n<div class=\"wp-block-post-excerpt\"><p class=\"wp-block-post-excerpt__excerpt\">Sinais de Alerta na Tosse de Inverno: Quando \u00e9 hora de procurar um m\u00e9dico? No inverno, a tosse \u00e9 comum, mas alguns sintomas exigem aten\u00e7\u00e3o especial. Fique atento a esses sinais de alerta e saiba quando buscar ajuda m\u00e9dica: Lembre-se, a tosse pode ser apenas um sintoma passageiro, mas em alguns casos, pode indicar condi\u00e7\u00f5es [&hellip;] <\/p><\/div><\/div>\n\n\n<div class=\"wp-block-post-date\"><time datetime=\"2023-07-24T13:45:25-03:00\">24 de July de 2023<\/time><\/div><\/div>\n\n<\/li><li class=\"wp-block-post post-1436 post type-post status-publish format-standard hentry category-sem-categoria\">\n\n<div class=\"wp-block-group is-layout-flow\" style=\"padding-top:30px;padding-right:30px;padding-bottom:30px;padding-left:30px\">\n<div class=\"wp-block-group is-vertical is-layout-flex wp-container-13\"><h1 class=\"wp-block-post-title\"><a href=\"https:\/\/sbdtdf.com.br\/?p=1436\" target=\"_self\" >Existe rem\u00e9dio para parar de fumar?<\/a><\/h1>\n\n<div class=\"wp-block-post-excerpt\"><p class=\"wp-block-post-excerpt__excerpt\">Existem diferentes tipos de medicamentos dispon\u00edveis para auxiliar na cessa\u00e7\u00e3o do tabagismo. Um dos mais comuns s\u00e3o os chamados medicamentos de reposi\u00e7\u00e3o de nicotina, que incluem adesivos, gomas de mascar, pastilhas e spray nasal. Esses produtos liberam doses controladas de nicotina no organismo, reduzindo os sintomas de abstin\u00eancia e a vontade de fumar. \u00c9 importante [&hellip;] <\/p><\/div><\/div>\n\n\n<div class=\"wp-block-post-date\"><time datetime=\"2023-07-24T13:43:52-03:00\">24 de July de 2023<\/time><\/div><\/div>\n\n<\/li><\/ul><\/div>\n\n\n\n<hr class=\"wp-block-separator alignfull has-alpha-channel-opacity is-style-wide\"\/>\n\n\n\n<div class=\"blockart-section blockart-section-361377c6\"><div class=\"blockart-container\"><div class=\"blockart-section-inner\">\n<div class=\"blockart-column blockart-column-c2714895\"><div class=\"blockart-column-inner\">\n<h2 class=\"blockart-heading blockart-heading-11b9db2e\">Siga-nos em nossas redes<\/h2>\n\n\n\n<p class=\"blockart-paragraph blockart-paragraph-762d40c8\">Acompanhe mais conte\u00fados nas nossas redes.<\/p>\n\n\n\n<div class=\"blockart-buttons blockart-buttons-49e2ce5b is-justification-center is-horizontal is-wrap\">\n<div class=\"blockart-button blockart-button-b387f7b1 \"><a class=\"blockart-button-link is-custom is-style-filled\" href=\"https:\/\/www.instagram.com\/sbdtpneumologia\/\">instagram<\/a><\/div>\n\n\n\n<div class=\"blockart-button blockart-button-b387f7b1 \"><a class=\"blockart-button-link is-custom is-style-filled\" href=\"https:\/\/www.sbdtdf.com.br\/\">Facebook<\/a><\/div>\n\n\n\n<div class=\"blockart-button blockart-button-b387f7b1 \"><a class=\"blockart-button-link is-custom is-style-filled\" href=\"https:\/\/m.youtube.com\/channel\/UCTzvoqS8mYMxEGRHmPAZi7g\">youtube<\/a><\/div>\n<\/div>\n<\/div><\/div>\n<\/div><\/div><\/div>\n\n\n\n<div class=\"wp-block-group is-layout-constrained\">\n<div class=\"aligncenter blockart-section blockart-section-c7092cfa aligncenter\"><div class=\"blockart-container\"><div class=\"blockart-section-inner\">\n<div class=\"blockart-column blockart-column-12fa93e4\"><div class=\"blockart-column-inner\"><\/div><\/div>\n<\/div><\/div><\/div>\n<\/div>\n\n\n\n<p><\/p>\n","protected":false},"excerpt":{"rendered":"<p>Seja bem vindo. Bem-vindo ao site informativo da SBDT! Estamos aqui para fornecer informa\u00e7\u00f5es valiosas sobre a import\u00e2ncia de cuidar da sa\u00fade pulmonar e como podemos ajudar a manter seus pulm\u00f5es saud\u00e1veis.Nossos pulm\u00f5es desempenham um papel vital em nossa vida di\u00e1ria, permitindo-nos respirar e fornecer oxig\u00eanio essencial para todas as c\u00e9lulas do nosso corpo. Portanto, [&hellip;]<\/p>\n","protected":false},"author":1,"featured_media":1166,"parent":0,"menu_order":0,"comment_status":"open","ping_status":"open","template":"","meta":{"om_disable_all_campaigns":false,"_mi_skip_tracking":false},"aioseo_notices":[],"_links":{"self":[{"href":"https:\/\/sbdtdf.com.br\/index.php?rest_route=\/wp\/v2\/pages\/1078"}],"collection":[{"href":"https:\/\/sbdtdf.com.br\/index.php?rest_route=\/wp\/v2\/pages"}],"about":[{"href":"https:\/\/sbdtdf.com.br\/index.php?rest_route=\/wp\/v2\/types\/page"}],"author":[{"embeddable":true,"href":"https:\/\/sbdtdf.com.br\/index.php?rest_route=\/wp\/v2\/users\/1"}],"replies":[{"embeddable":true,"href":"https:\/\/sbdtdf.com.br\/index.php?rest_route=%2Fwp%2Fv2%2Fcomments&post=1078"}],"version-history":[{"count":75,"href":"https:\/\/sbdtdf.com.br\/index.php?rest_route=\/wp\/v2\/pages\/1078\/revisions"}],"predecessor-version":[{"id":1490,"href":"https:\/\/sbdtdf.com.br\/index.php?rest_route=\/wp\/v2\/pages\/1078\/revisions\/1490"}],"wp:featuredmedia":[{"embeddable":true,"href":"https:\/\/sbdtdf.com.br\/index.php?rest_route=\/wp\/v2\/media\/1166"}],"wp:attachment":[{"href":"https:\/\/sbdtdf.com.br\/index.php?rest_route=%2Fwp%2Fv2%2Fmedia&parent=1078"}],"curies":[{"name":"wp","href":"https:\/\/api.w.org\/{rel}","templated":true}]}}