{"id":1309,"date":"2023-05-23T20:51:05","date_gmt":"2023-05-23T23:51:05","guid":{"rendered":"https:\/\/sbdtdf.com.br\/?page_id=1309"},"modified":"2023-05-23T20:57:32","modified_gmt":"2023-05-23T23:57:32","slug":"flavia-fonseca","status":"publish","type":"page","link":"https:\/\/sbdtdf.com.br\/?page_id=1309","title":{"rendered":"Fl\u00e1via Fonseca"},"content":{"rendered":"\n<div class=\"wp-block-columns is-layout-flex wp-container-3\">\n<div class=\"wp-block-column is-layout-flow\">\n<div class=\"blockart-image blockart-image-20cf632a\"><img decoding=\"async\" loading=\"lazy\" class=\"wp-image-1273\" src=\"https:\/\/sbdtdf.com.br\/wp-content\/uploads\/2023\/05\/V.png\" alt=\"\" height=\"966\" width=\"803\" srcset=\"https:\/\/sbdtdf.com.br\/wp-content\/uploads\/2023\/05\/V.png 803w, https:\/\/sbdtdf.com.br\/wp-content\/uploads\/2023\/05\/V-249x300.png 249w, https:\/\/sbdtdf.com.br\/wp-content\/uploads\/2023\/05\/V-768x924.png 768w\" sizes=\"(max-width: 803px) 100vw, 803px\" \/><\/div>\n<\/div>\n\n\n\n<div class=\"wp-block-column is-layout-flow\">\n<p>Vice-Presidente da Sociedade Brasiliense de Doen\u00e7as Tor\u00e1cicas.<\/p>\n\n\n\n<p>M\u00e9dica Pneumologista da Secretaria de Sa\u00fade do Distrito Federal e do IGESDF.<br>Coordenadora do Centro de Refer\u00eancia em Fibrose C\u00edstica do Hospital de Base.<br>Mestre em Ci\u00eancias da Sa\u00fade pela ESCS.<br>Doutoranda em Pneumologia pela USP\/INCOR.<\/p>\n\n\n\n<p>Breve descri\u00e7\u00e3o..<\/p>\n<\/div>\n<\/div>\n","protected":false},"excerpt":{"rendered":"<p>Vice-Presidente da Sociedade Brasiliense de Doen\u00e7as Tor\u00e1cicas. M\u00e9dica Pneumologista da Secretaria de Sa\u00fade do Distrito Federal e do IGESDF.Coordenadora do Centro de Refer\u00eancia em Fibrose C\u00edstica do Hospital de Base.Mestre em Ci\u00eancias da Sa\u00fade pela ESCS.Doutoranda em Pneumologia pela USP\/INCOR. Breve descri\u00e7\u00e3o..<\/p>\n","protected":false},"author":1,"featured_media":0,"parent":0,"menu_order":0,"comment_status":"closed","ping_status":"closed","template":"","meta":{"om_disable_all_campaigns":false,"_mi_skip_tracking":false},"aioseo_notices":[],"_links":{"self":[{"href":"https:\/\/sbdtdf.com.br\/index.php?rest_route=\/wp\/v2\/pages\/1309"}],"collection":[{"href":"https:\/\/sbdtdf.com.br\/index.php?rest_route=\/wp\/v2\/pages"}],"about":[{"href":"https:\/\/sbdtdf.com.br\/index.php?rest_route=\/wp\/v2\/types\/page"}],"author":[{"embeddable":true,"href":"https:\/\/sbdtdf.com.br\/index.php?rest_route=\/wp\/v2\/users\/1"}],"replies":[{"embeddable":true,"href":"https:\/\/sbdtdf.com.br\/index.php?rest_route=%2Fwp%2Fv2%2Fcomments&post=1309"}],"version-history":[{"count":3,"href":"https:\/\/sbdtdf.com.br\/index.php?rest_route=\/wp\/v2\/pages\/1309\/revisions"}],"predecessor-version":[{"id":1313,"href":"https:\/\/sbdtdf.com.br\/index.php?rest_route=\/wp\/v2\/pages\/1309\/revisions\/1313"}],"wp:attachment":[{"href":"https:\/\/sbdtdf.com.br\/index.php?rest_route=%2Fwp%2Fv2%2Fmedia&parent=1309"}],"curies":[{"name":"wp","href":"https:\/\/api.w.org\/{rel}","templated":true}]}}