{"id":1316,"date":"2023-05-23T21:02:31","date_gmt":"2023-05-24T00:02:31","guid":{"rendered":"https:\/\/sbdtdf.com.br\/?page_id=1316"},"modified":"2023-05-23T21:02:32","modified_gmt":"2023-05-24T00:02:32","slug":"keydson-agustine","status":"publish","type":"page","link":"https:\/\/sbdtdf.com.br\/?page_id=1316","title":{"rendered":"Keydson Agustine"},"content":{"rendered":"\n<div class=\"wp-block-columns is-layout-flex wp-container-3\">\n<div class=\"wp-block-column is-layout-flow\">\n<div class=\"blockart-image blockart-image-2d48326c\"><img decoding=\"async\" loading=\"lazy\" class=\"wp-image-1272\" src=\"https:\/\/sbdtdf.com.br\/wp-content\/uploads\/2023\/05\/T.png\" alt=\"\" height=\"966\" width=\"804\" srcset=\"https:\/\/sbdtdf.com.br\/wp-content\/uploads\/2023\/05\/T.png 804w, https:\/\/sbdtdf.com.br\/wp-content\/uploads\/2023\/05\/T-250x300.png 250w, https:\/\/sbdtdf.com.br\/wp-content\/uploads\/2023\/05\/T-768x923.png 768w\" sizes=\"(max-width: 804px) 100vw, 804px\" \/><\/div>\n<\/div>\n\n\n\n<div class=\"wp-block-column is-layout-flow\">\n<p>Tesoureiro <strong>da Sociedade Brasiliense de Doen\u00e7as Tor\u00e1cicas.<\/strong><\/p>\n\n\n\n<p>M\u00e9dico pneumologista no Hospital Regional do Gama e Hospital DF Star<br>Professor de medicina na UNICEPLAC.<\/p>\n\n\n\n<p>Breve descri\u00e7\u00e3o..<\/p>\n<\/div>\n<\/div>\n","protected":false},"excerpt":{"rendered":"<p>Tesoureiro da Sociedade Brasiliense de Doen\u00e7as Tor\u00e1cicas. M\u00e9dico pneumologista no Hospital Regional do Gama e Hospital DF StarProfessor de medicina na UNICEPLAC. Breve descri\u00e7\u00e3o..<\/p>\n","protected":false},"author":1,"featured_media":0,"parent":0,"menu_order":0,"comment_status":"closed","ping_status":"closed","template":"","meta":{"om_disable_all_campaigns":false,"_mi_skip_tracking":false},"aioseo_notices":[],"_links":{"self":[{"href":"https:\/\/sbdtdf.com.br\/index.php?rest_route=\/wp\/v2\/pages\/1316"}],"collection":[{"href":"https:\/\/sbdtdf.com.br\/index.php?rest_route=\/wp\/v2\/pages"}],"about":[{"href":"https:\/\/sbdtdf.com.br\/index.php?rest_route=\/wp\/v2\/types\/page"}],"author":[{"embeddable":true,"href":"https:\/\/sbdtdf.com.br\/index.php?rest_route=\/wp\/v2\/users\/1"}],"replies":[{"embeddable":true,"href":"https:\/\/sbdtdf.com.br\/index.php?rest_route=%2Fwp%2Fv2%2Fcomments&post=1316"}],"version-history":[{"count":1,"href":"https:\/\/sbdtdf.com.br\/index.php?rest_route=\/wp\/v2\/pages\/1316\/revisions"}],"predecessor-version":[{"id":1317,"href":"https:\/\/sbdtdf.com.br\/index.php?rest_route=\/wp\/v2\/pages\/1316\/revisions\/1317"}],"wp:attachment":[{"href":"https:\/\/sbdtdf.com.br\/index.php?rest_route=%2Fwp%2Fv2%2Fmedia&parent=1316"}],"curies":[{"name":"wp","href":"https:\/\/api.w.org\/{rel}","templated":true}]}}