{"id":1318,"date":"2023-05-23T21:04:00","date_gmt":"2023-05-24T00:04:00","guid":{"rendered":"https:\/\/sbdtdf.com.br\/?page_id=1318"},"modified":"2023-05-23T21:04:00","modified_gmt":"2023-05-24T00:04:00","slug":"grasielle-rodrigues","status":"publish","type":"page","link":"https:\/\/sbdtdf.com.br\/?page_id=1318","title":{"rendered":"Grasielle Rodrigues"},"content":{"rendered":"\n<div class=\"wp-block-columns is-layout-flex wp-container-3\">\n<div class=\"wp-block-column is-layout-flow\">\n<div class=\"blockart-image blockart-image-63dc869f\"><img decoding=\"async\" loading=\"lazy\" class=\"wp-image-1270\" src=\"https:\/\/sbdtdf.com.br\/wp-content\/uploads\/2023\/05\/S2.png\" alt=\"\" height=\"966\" width=\"803\" srcset=\"https:\/\/sbdtdf.com.br\/wp-content\/uploads\/2023\/05\/S2.png 803w, https:\/\/sbdtdf.com.br\/wp-content\/uploads\/2023\/05\/S2-249x300.png 249w, https:\/\/sbdtdf.com.br\/wp-content\/uploads\/2023\/05\/S2-768x924.png 768w\" sizes=\"(max-width: 803px) 100vw, 803px\" \/><\/div>\n<\/div>\n\n\n\n<div class=\"wp-block-column is-layout-flow\">\n<p>Secret\u00e1ria <strong>da Sociedade Brasiliense de Doen\u00e7as Tor\u00e1cicas.<\/strong><\/p>\n\n\n\n<p>M\u00e9dica Pneumologista.<\/p>\n\n\n\n<p>Breve descri\u00e7\u00e3o..<\/p>\n<\/div>\n<\/div>\n","protected":false},"excerpt":{"rendered":"<p>Secret\u00e1ria da Sociedade Brasiliense de Doen\u00e7as Tor\u00e1cicas. M\u00e9dica Pneumologista. Breve descri\u00e7\u00e3o..<\/p>\n","protected":false},"author":1,"featured_media":0,"parent":0,"menu_order":0,"comment_status":"closed","ping_status":"closed","template":"","meta":{"om_disable_all_campaigns":false,"_mi_skip_tracking":false},"aioseo_notices":[],"_links":{"self":[{"href":"https:\/\/sbdtdf.com.br\/index.php?rest_route=\/wp\/v2\/pages\/1318"}],"collection":[{"href":"https:\/\/sbdtdf.com.br\/index.php?rest_route=\/wp\/v2\/pages"}],"about":[{"href":"https:\/\/sbdtdf.com.br\/index.php?rest_route=\/wp\/v2\/types\/page"}],"author":[{"embeddable":true,"href":"https:\/\/sbdtdf.com.br\/index.php?rest_route=\/wp\/v2\/users\/1"}],"replies":[{"embeddable":true,"href":"https:\/\/sbdtdf.com.br\/index.php?rest_route=%2Fwp%2Fv2%2Fcomments&post=1318"}],"version-history":[{"count":1,"href":"https:\/\/sbdtdf.com.br\/index.php?rest_route=\/wp\/v2\/pages\/1318\/revisions"}],"predecessor-version":[{"id":1319,"href":"https:\/\/sbdtdf.com.br\/index.php?rest_route=\/wp\/v2\/pages\/1318\/revisions\/1319"}],"wp:attachment":[{"href":"https:\/\/sbdtdf.com.br\/index.php?rest_route=%2Fwp%2Fv2%2Fmedia&parent=1318"}],"curies":[{"name":"wp","href":"https:\/\/api.w.org\/{rel}","templated":true}]}}