{"id":1320,"date":"2023-05-23T21:05:17","date_gmt":"2023-05-24T00:05:17","guid":{"rendered":"https:\/\/sbdtdf.com.br\/?page_id=1320"},"modified":"2023-05-23T21:05:17","modified_gmt":"2023-05-24T00:05:17","slug":"gabriela-matos","status":"publish","type":"page","link":"https:\/\/sbdtdf.com.br\/?page_id=1320","title":{"rendered":"Gabriela Matos"},"content":{"rendered":"\n<div class=\"wp-block-columns is-layout-flex wp-container-3\">\n<div class=\"wp-block-column is-layout-flow\">\n<div class=\"blockart-image blockart-image-b34fab30\"><img decoding=\"async\" loading=\"lazy\" class=\"wp-image-1269\" src=\"https:\/\/sbdtdf.com.br\/wp-content\/uploads\/2023\/05\/S1.png\" alt=\"\" height=\"967\" width=\"804\" srcset=\"https:\/\/sbdtdf.com.br\/wp-content\/uploads\/2023\/05\/S1.png 804w, https:\/\/sbdtdf.com.br\/wp-content\/uploads\/2023\/05\/S1-249x300.png 249w, https:\/\/sbdtdf.com.br\/wp-content\/uploads\/2023\/05\/S1-768x924.png 768w\" sizes=\"(max-width: 804px) 100vw, 804px\" \/><\/div>\n<\/div>\n\n\n\n<div class=\"wp-block-column is-layout-flow\">\n<p>Secretaria da Sociedade Brasiliense de Doen\u00e7as Tor\u00e1cicas.<\/p>\n\n\n\n<p>Medica pneumologista HRG SESDF<br>Medica broncoscopista IHBDF<\/p>\n\n\n\n<p>Breve descri\u00e7\u00e3o..<\/p>\n<\/div>\n<\/div>\n","protected":false},"excerpt":{"rendered":"<p>Secretaria da Sociedade Brasiliense de Doen\u00e7as Tor\u00e1cicas. Medica pneumologista HRG SESDFMedica broncoscopista IHBDF Breve descri\u00e7\u00e3o..<\/p>\n","protected":false},"author":1,"featured_media":0,"parent":0,"menu_order":0,"comment_status":"closed","ping_status":"closed","template":"","meta":{"om_disable_all_campaigns":false,"_mi_skip_tracking":false},"aioseo_notices":[],"_links":{"self":[{"href":"https:\/\/sbdtdf.com.br\/index.php?rest_route=\/wp\/v2\/pages\/1320"}],"collection":[{"href":"https:\/\/sbdtdf.com.br\/index.php?rest_route=\/wp\/v2\/pages"}],"about":[{"href":"https:\/\/sbdtdf.com.br\/index.php?rest_route=\/wp\/v2\/types\/page"}],"author":[{"embeddable":true,"href":"https:\/\/sbdtdf.com.br\/index.php?rest_route=\/wp\/v2\/users\/1"}],"replies":[{"embeddable":true,"href":"https:\/\/sbdtdf.com.br\/index.php?rest_route=%2Fwp%2Fv2%2Fcomments&post=1320"}],"version-history":[{"count":1,"href":"https:\/\/sbdtdf.com.br\/index.php?rest_route=\/wp\/v2\/pages\/1320\/revisions"}],"predecessor-version":[{"id":1321,"href":"https:\/\/sbdtdf.com.br\/index.php?rest_route=\/wp\/v2\/pages\/1320\/revisions\/1321"}],"wp:attachment":[{"href":"https:\/\/sbdtdf.com.br\/index.php?rest_route=%2Fwp%2Fv2%2Fmedia&parent=1320"}],"curies":[{"name":"wp","href":"https:\/\/api.w.org\/{rel}","templated":true}]}}