{"id":1443,"date":"2023-07-24T13:51:28","date_gmt":"2023-07-24T16:51:28","guid":{"rendered":"https:\/\/sbdtdf.com.br\/?page_id=1443"},"modified":"2023-07-24T13:51:28","modified_gmt":"2023-07-24T16:51:28","slug":"informacoes","status":"publish","type":"page","link":"https:\/\/sbdtdf.com.br\/?page_id=1443","title":{"rendered":"Informa\u00e7\u00f5es"},"content":{"rendered":"\n<p>Painel de informa\u00e7\u00f5es ao usu\u00e1rio: <br><\/p>\n\n\n\n<blockquote class=\"wp-block-quote\"><ul class=\"wp-block-latest-posts__list is-grid columns-3 wp-block-latest-posts\"><li><a class=\"wp-block-latest-posts__post-title\" href=\"https:\/\/sbdtdf.com.br\/?p=1447\">Novos produtos, velhos problemas<\/a><\/li>\n<li><a class=\"wp-block-latest-posts__post-title\" href=\"https:\/\/sbdtdf.com.br\/?p=1440\">Tosse no inverno: quando procurar um m\u00e9dico?<\/a><\/li>\n<li><a class=\"wp-block-latest-posts__post-title\" href=\"https:\/\/sbdtdf.com.br\/?p=1436\">Existe rem\u00e9dio para parar de fumar?<\/a><\/li>\n<li><a class=\"wp-block-latest-posts__post-title\" href=\"https:\/\/sbdtdf.com.br\/?p=1427\">Alimentos que beneficiam seus pulm\u00f5es<\/a><\/li>\n<li><a class=\"wp-block-latest-posts__post-title\" href=\"https:\/\/sbdtdf.com.br\/?p=1424\">Como aliviar a congest\u00e3o nasal?<\/a><\/li>\n<\/ul><\/blockquote>\n","protected":false},"excerpt":{"rendered":"<p>Painel de informa\u00e7\u00f5es ao usu\u00e1rio:<\/p>\n","protected":false},"author":1,"featured_media":0,"parent":0,"menu_order":0,"comment_status":"closed","ping_status":"closed","template":"","meta":{"om_disable_all_campaigns":false,"_mi_skip_tracking":false},"aioseo_notices":[],"_links":{"self":[{"href":"https:\/\/sbdtdf.com.br\/index.php?rest_route=\/wp\/v2\/pages\/1443"}],"collection":[{"href":"https:\/\/sbdtdf.com.br\/index.php?rest_route=\/wp\/v2\/pages"}],"about":[{"href":"https:\/\/sbdtdf.com.br\/index.php?rest_route=\/wp\/v2\/types\/page"}],"author":[{"embeddable":true,"href":"https:\/\/sbdtdf.com.br\/index.php?rest_route=\/wp\/v2\/users\/1"}],"replies":[{"embeddable":true,"href":"https:\/\/sbdtdf.com.br\/index.php?rest_route=%2Fwp%2Fv2%2Fcomments&post=1443"}],"version-history":[{"count":1,"href":"https:\/\/sbdtdf.com.br\/index.php?rest_route=\/wp\/v2\/pages\/1443\/revisions"}],"predecessor-version":[{"id":1444,"href":"https:\/\/sbdtdf.com.br\/index.php?rest_route=\/wp\/v2\/pages\/1443\/revisions\/1444"}],"wp:attachment":[{"href":"https:\/\/sbdtdf.com.br\/index.php?rest_route=%2Fwp%2Fv2%2Fmedia&parent=1443"}],"curies":[{"name":"wp","href":"https:\/\/api.w.org\/{rel}","templated":true}]}}