{"id":563,"date":"2021-12-13T04:15:18","date_gmt":"2021-12-13T04:15:18","guid":{"rendered":"https:\/\/blockart-agency.sites.qsandbox.com\/?page_id=563"},"modified":"2023-07-24T15:42:31","modified_gmt":"2023-07-24T18:42:31","slug":"about","status":"publish","type":"page","link":"https:\/\/sbdtdf.com.br\/?page_id=563","title":{"rendered":"Quem somos"},"content":{"rendered":"\n<div class=\"blockart-section blockart-section-05875b6b\"><div class=\"blockart-container\"><div class=\"blockart-section-inner\">\n<div class=\"blockart-column blockart-column-6186bd46\"><div class=\"blockart-column-inner\">\n<div class=\"blockart-image blockart-image-06dcbea6\"><img decoding=\"async\" loading=\"lazy\" class=\"wp-image-1300\" src=\"https:\/\/sbdtdf.com.br\/wp-content\/uploads\/2023\/05\/Design-sem-nome-1.png\" alt=\"\" height=\"1768\" width=\"3000\" srcset=\"https:\/\/sbdtdf.com.br\/wp-content\/uploads\/2023\/05\/Design-sem-nome-1.png 3000w, https:\/\/sbdtdf.com.br\/wp-content\/uploads\/2023\/05\/Design-sem-nome-1-300x177.png 300w, https:\/\/sbdtdf.com.br\/wp-content\/uploads\/2023\/05\/Design-sem-nome-1-1024x603.png 1024w, https:\/\/sbdtdf.com.br\/wp-content\/uploads\/2023\/05\/Design-sem-nome-1-768x453.png 768w, https:\/\/sbdtdf.com.br\/wp-content\/uploads\/2023\/05\/Design-sem-nome-1-1536x905.png 1536w, https:\/\/sbdtdf.com.br\/wp-content\/uploads\/2023\/05\/Design-sem-nome-1-2048x1207.png 2048w\" sizes=\"(max-width: 3000px) 100vw, 3000px\" \/><\/div>\n<\/div><\/div>\n\n\n\n<div class=\"blockart-column blockart-column-8dfdd3dd\"><div class=\"blockart-column-inner\">\n<h2 class=\"blockart-heading blockart-heading-248d44f0\">Nossa Hist\u00f3ria<\/h2>\n\n\n\n<p class=\"blockart-paragraph blockart-paragraph-dac452d1\">A partir de 1972, com a chegada a Bras\u00edlia de novos pneumologistas, foi iniciada a discuss\u00e3o para a constitui\u00e7\u00e3o de uma sociedade que congregasse os m\u00e9dicos especialistas da \u00e1rea respirat\u00f3ria, como os pneumologistas (especialidade nova do pa\u00eds), tisiologistas e cirurgi\u00f5es tor\u00e1cicos. Nessa \u00e9poca, no plano nacional, havia apenas a Federa\u00e7\u00e3o Brasileira de Sociedades de Tuberculose e Doen\u00e7as Tor\u00e1cicas, fundada em 1937, mas pouco atuante, realizando congressos nacionais de forma irregular e dependente de subs\u00eddios p\u00fablicos.<\/p>\n<\/div><\/div>\n<\/div><\/div><\/div>\n\n\n\n<div class=\"blockart-section blockart-section-566c8f4b\"><div class=\"blockart-container\"><div class=\"blockart-section-inner\">\n<div class=\"blockart-column blockart-column-9ff6855a\"><div class=\"blockart-column-inner\">\n<p> A Sociedade Brasileira de Pneumologia viria a ser fundada em 1974, em reuni\u00e3o realizada em Campos do Jord\u00e3o.<\/p>\n\n\n\n<p>\u200bEm 4 de junho de 1974, nas depend\u00eancias do Primeiro Hospital Distrital de Bras\u00edlia, foi realizada a Assembleia de Funda\u00e7\u00e3o da Sociedade Brasiliense de Doen\u00e7as Tor\u00e1cicas, tendo como sigla SBDT, em sess\u00e3o presidida pelo Dr. Mel\u00e2nio de Paula Barbosa e secretariada pelo Dr. La\u00e9rcio Moreira Valen\u00e7a.<\/p>\n\n\n\n<p>\u200bO Estatuto da SBDT estabeleceu como finalidades:<br>1) Promover o estudo, a pesquisa e a divulga\u00e7\u00e3o das doen\u00e7as tor\u00e1cicas;<br>2) Estimular a forma\u00e7\u00e3o de novos especialistas;<br>3) Realizar regularmente reuni\u00f5es cient\u00edficas, cursos e congressos;<br>4) Colaborar com os poderes p\u00fablicos e entidades privadas na solu\u00e7\u00e3o de problemas m\u00e9dicos ligados \u00e0 especialidade;<br>5) Constituir-se no Departamento de Doen\u00e7as Tor\u00e1cicas da Associa\u00e7\u00e3o M\u00e9dica de Bras\u00edlia.<\/p>\n\n\n\n<p>\u200bAssinaram a Ata de constitui\u00e7\u00e3o da SBDT, como s\u00f3cios fundadores:<\/p>\n\n\n\n<p>1) \u2013 Mel\u00e2nio de Paula Barbosa (pneumologista)<br>2) \u2013 La\u00e9rcio Moreira Valen\u00e7a (pneumologista)<br>3) \u2013 Nilton Gon\u00e7alves Freire (tisiologista)<br>4) \u2013 Carlos Saraiva e Saraiva (pneumologista)<br>5) \u2013 Edson Cruz (broncoesofagologista)<br>6) \u2013 Marcos Snitcovski (tisiologista)<br>7) \u2013 Jos\u00e9 Carvalho Ferreira (tisiologista)<br>8) \u2013 Roberto da Costa de Moraes (pneumologista)<br>9) \u2013 Comte Jos\u00e9 de Siqueira (cirurgi\u00e3o tor\u00e1cico)<br>10) \u2013 Henrique Guedes Martins Costa (tisiologista)<br>11) \u2013 Paulo Tavares (pneumologista)<br>12) \u2013 Luiz Fernando Borges (pneumologista)<br>13) \u2013 Celso Ant\u00f4nio Rodrigues da Silva (pneumologista)<br>14) \u2013 Vitorino Modesto dos Santos (pneumologista)<br>15) \u2013 Manoel Ximenes Neto (cirurgi\u00e3o tor\u00e1cico)<br>16) \u2013 Barbusse Pires Leal (radiologista)<br>17) \u2013 Iton Barros (pneumologista)<br>18) \u2013 Carlos Alberto Florentino (tisiologista)<\/p>\n\n\n\n<p>\u200bEm 02 de julho de 1974 foi eleita a primeira diretoria da SBDT, assim constitu\u00edda:<\/p>\n\n\n\n<p>Presidente \u2013 Mel\u00e2nio de Paula Barbosa<br>Vice-Presidente \u2013 Paulo Tavares<br>Secret\u00e1rio \u2013 La\u00e9rcio Moreira Valen\u00e7a<br>Tesoureiro \u2013 Carlos Saraiva e Saraiva<br>Conselho Deliberativo \u2013 Roberto da Costa Moraes, Manoel Ximenes Neto, Henrique Martins Costa e Barbusse Pires Leal.<\/p>\n\n\n\n<p>\u200bA primeira reuni\u00e3o cient\u00edfica da SBDT foi realizada em 24 de setembro de 1974 com o seguinte tem\u00e1rio:<\/p>\n\n\n\n<p>1) Apresenta\u00e7\u00e3o de caso: Aspergiloma (Dr. Manoel Ximenes Neto);<br>2) Apresenta\u00e7\u00e3o de caso: Metahemoglobinemia (Dr. Paulo Tavares).<\/p>\n\n\n\n<p>\u200bEm 25 de novembro de 1975 foi eleita a segunda diretoria da SBDT, assim constitu\u00edda:<\/p>\n\n\n\n<p>Presidente \u2013 La\u00e9rcio Moreira Valen\u00e7a<br>Vice-Presidente \u2013 Carlos Alberto Florentino<br>Secret\u00e1rio \u2013 Manoel Ximenes Neto<br>Tesoureiro \u2013 Mel\u00e2nio de Paula Barbosa<br>Conselho Deliberativo \u2013 Roberto da Costa Moraes, Luiz Fernando Borges, Paulo Tavares, Comte Jos\u00e9 de Siqueira e Vitorino Modesto dos Santos.<\/p>\n\n\n\n<p>\u200bNo per\u00edodo de 26 de julho a 03 de agosto de 1976 a SBDT promoveu o I Curso Anual de Atualiza\u00e7\u00e3o em Pneumologia, realizado no Hospital das For\u00e7as Armadas, que contou com a presen\u00e7a de 111 inscritos.<\/p>\n\n\n\n<p>\u200bEm 25 de agosto de 1977, a diretoria anterior foi reeleita para o bi\u00eanio 1977\/1979.<\/p>\n\n\n\n<p>\u200bDesde ent\u00e3o, a cada bi\u00eanio temos tido elei\u00e7\u00f5es de novas dire\u00e7\u00f5es que t\u00eam velado pelos princ\u00edpios e objetivos da nossa sociedade. Foram presidentes das diretorias que se sucederam:<\/p>\n\n\n\n<ul>\n<li>Bi\u00eanio 1979\/1981 \u2013 Manoel Ximenes Neto<\/li>\n\n\n\n<li>Bi\u00eanio 1981\/1983 \u2013 J\u00falio Cezar Meirelles Gomes<\/li>\n\n\n\n<li>Bi\u00eanio 1983\/1985 \u2013 Paulo Tavares<\/li>\n\n\n\n<li>Bi\u00eanio 1985\/1987 \u2013 Mois\u00e9s Sousa Santos<\/li>\n\n\n\n<li>Bi\u00eanio 1987\/1989 \u2013 Roberto da Costa de Moraes<\/li>\n\n\n\n<li>Bi\u00eanio 1989\/1991 \u2013 Roberto da Costa de Moraes<\/li>\n\n\n\n<li>Bi\u00eanio 1991\/1993 \u2013 Elizabeth Oliveira Rosa e Silva<\/li>\n\n\n\n<li>Bi\u00eanio 1993\/1995 \u2013 Elizabeth Oliveira Rosa e Silva<\/li>\n\n\n\n<li>Bi\u00eanio 1995\/1997 \u2013 Carlos Alberto de Assis Viegas<\/li>\n\n\n\n<li>Bi\u00eanio 1997\/1999 \u2013 Clarice Guimar\u00e3es Freitas Santos<\/li>\n\n\n\n<li>Bi\u00eanio 1999\/2001 \u2013 Paulo Cesar Restivo<\/li>\n\n\n\n<li>Bi\u00eanio 2001\/2003 \u2013 Marcelo Rodrigues Palmeira<\/li>\n\n\n\n<li>Bi\u00eanio 2003\/2005 \u2013 Paulo Henrique Ramos Feitosa<\/li>\n\n\n\n<li>Bi\u00eanio 2005\/2007 \u2013 Jo\u00e3o Daniel Bringel Rego<\/li>\n\n\n\n<li>Bi\u00eanio 2007\/2009 \u2013 Ricardo Luiz de Melo Martins<\/li>\n\n\n\n<li>Bi\u00eanio 2009\/2011 \u2013 Benedito Francisco Cabral Jr.<\/li>\n\n\n\n<li>Bi\u00eanio 2011\/2013 \u2013 Ricardo Brito Campos<\/li>\n\n\n\n<li>Bi\u00eanio 2013\/2015 \u2013 Eduardo Felipe Barbosa Silva<\/li>\n\n\n\n<li>Bi\u00eanio 2015\/2017 \u2013 Bianca Rodrigues Silva<\/li>\n\n\n\n<li>Bi\u00eanio 2017\/2019 \u2013 Jefferson Fontinelle e Silva<\/li>\n\n\n\n<li>Bi\u00eanio 2019\/2021 \u2013 Nathali Mireise Costa Ferreira<\/li>\n\n\n\n<li>Bi\u00eanio 2021\/2023 \u2013 Thiago Andr\u00e9 Fuscaldi Correa<\/li>\n<\/ul>\n<\/div><\/div>\n<\/div><\/div><\/div>\n\n\n\n<div class=\"wp-block-group is-layout-constrained\"><\/div>\n\n\n\n<div class=\"blockart-section blockart-section-a8c7c151\"><div class=\"blockart-container\"><div class=\"blockart-section-inner\">\n<div class=\"blockart-column blockart-column-dab34859\"><div class=\"blockart-column-inner\"><\/div><\/div>\n\n\n\n<div class=\"blockart-column blockart-column-4d4d4da2\"><div class=\"blockart-column-inner\">\n<h2 class=\"blockart-heading blockart-heading-4d52da07\">Integrantes\/Equipe<\/h2>\n\n\n\n<p class=\"blockart-paragraph blockart-paragraph-3b27db7b\">Breve introdu\u00e7\u00e3o da equipe administradora<\/p>\n<\/div><\/div>\n\n\n\n<div class=\"blockart-column blockart-column-119d63ce\"><div class=\"blockart-column-inner\"><\/div><\/div>\n<\/div><\/div><\/div>\n\n\n\n<div class=\"blockart-section blockart-section-93b237fb\"><div class=\"blockart-container\"><div class=\"blockart-section-inner\">\n<div class=\"blockart-column blockart-column-9a68ba53\"><div class=\"blockart-column-inner\">\n<div class=\"blockart-image blockart-image-fea78d82\"><img decoding=\"async\" loading=\"lazy\" class=\"wp-image-1267\" src=\"https:\/\/sbdtdf.com.br\/wp-content\/uploads\/2023\/05\/D.png\" alt=\"\" height=\"966\" width=\"803\" srcset=\"https:\/\/sbdtdf.com.br\/wp-content\/uploads\/2023\/05\/D.png 803w, https:\/\/sbdtdf.com.br\/wp-content\/uploads\/2023\/05\/D-249x300.png 249w, https:\/\/sbdtdf.com.br\/wp-content\/uploads\/2023\/05\/D-768x924.png 768w\" sizes=\"(max-width: 803px) 100vw, 803px\" \/><\/div>\n\n\n\n<h3 class=\"blockart-heading blockart-heading-677a3ece\">Dr. Thiago Fuscaldi<\/h3>\n\n\n\n<p class=\"blockart-paragraph blockart-paragraph-c43ec13c\">Presidente SBDT<\/p>\n\n\n\n<p class=\"blockart-paragraph blockart-paragraph-7acd63f3\"><a href=\"http:\/\/thiago\" target=\"_blank\" rel=\"noopener\" title=\"Ver mais..\">Ver<\/a><a href=\"https:\/\/sbdtdf.com.br\/?page_id=1277\" title=\"Ver mais..\"> <\/a><a href=\"https:\/\/sbdtdf.com.br\/?page_id=1277\" target=\"_blank\" rel=\"noopener\" title=\"Ver mais..\">mais<\/a><a href=\"http:\/\/thiagohttps:\/\/sbdtdf.com.br\/?page_id=1277\" target=\"_blank\" rel=\"noopener\" title=\"Ver mais..\">..<\/a><\/p>\n<\/div><\/div>\n\n\n\n<div class=\"blockart-column blockart-column-4d96f178\"><div class=\"blockart-column-inner\">\n<div class=\"blockart-image blockart-image-0737a8cb\"><img decoding=\"async\" loading=\"lazy\" class=\"wp-image-1273\" src=\"https:\/\/sbdtdf.com.br\/wp-content\/uploads\/2023\/05\/V.png\" alt=\"\" height=\"966\" width=\"803\" srcset=\"https:\/\/sbdtdf.com.br\/wp-content\/uploads\/2023\/05\/V.png 803w, https:\/\/sbdtdf.com.br\/wp-content\/uploads\/2023\/05\/V-249x300.png 249w, https:\/\/sbdtdf.com.br\/wp-content\/uploads\/2023\/05\/V-768x924.png 768w\" sizes=\"(max-width: 803px) 100vw, 803px\" \/><\/div>\n\n\n\n<h3 class=\"blockart-heading blockart-heading-396d4571\">Dra. Fl\u00e1via Fonseca Fernandes<\/h3>\n\n\n\n<p class=\"blockart-paragraph blockart-paragraph-36c6f521\">Vice Presidente<\/p>\n\n\n\n<p class=\"blockart-paragraph blockart-paragraph-d99357af\"><a href=\"https:\/\/sbdtdf.com.br\/?page_id=1309\" target=\"_blank\" rel=\"noopener\" title=\"Fl\u00e1via Fonseca\">Ver <\/a><a href=\"https:\/\/sbdtdf.com.br\/?page_id=1309\" title=\"Fl\u00e1via Fonseca\">mais<\/a><a href=\"https:\/\/sbdtdf.com.br\/?page_id=1309\" target=\"_blank\" rel=\"noopener\" title=\"Fl\u00e1via Fonseca\">..<\/a><\/p>\n<\/div><\/div>\n\n\n\n<div class=\"blockart-column blockart-column-3e0a0e8c\"><div class=\"blockart-column-inner\">\n<div class=\"blockart-image blockart-image-ed4ecf40\"><img decoding=\"async\" loading=\"lazy\" class=\"wp-image-1268\" src=\"https:\/\/sbdtdf.com.br\/wp-content\/uploads\/2023\/05\/P.png\" alt=\"\" height=\"967\" width=\"803\" srcset=\"https:\/\/sbdtdf.com.br\/wp-content\/uploads\/2023\/05\/P.png 803w, https:\/\/sbdtdf.com.br\/wp-content\/uploads\/2023\/05\/P-249x300.png 249w, https:\/\/sbdtdf.com.br\/wp-content\/uploads\/2023\/05\/P-768x925.png 768w\" sizes=\"(max-width: 803px) 100vw, 803px\" \/><\/div>\n\n\n\n<h3 class=\"blockart-heading blockart-heading-f698fd58\">Dra. Caroline Andr\u00e9 Souto<\/h3>\n\n\n\n<p class=\"blockart-paragraph blockart-paragraph-600c7a77\">Diretora Cient\u00edfica<\/p>\n\n\n\n<p class=\"blockart-paragraph blockart-paragraph-1b1fed74\"><a href=\"https:\/\/sbdtdf.com.br\/?page_id=1314\" target=\"_blank\" rel=\"noopener\" title=\"Caroline Andr\u00e9\">Ver <\/a><a href=\"https:\/\/sbdtdf.com.br\/?page_id=1314\" title=\"Caroline Andr\u00e9\">mais<\/a><a href=\"https:\/\/sbdtdf.com.br\/?page_id=1314\" target=\"_blank\" rel=\"noopener\" title=\"Caroline Andr\u00e9\">..<\/a><\/p>\n<\/div><\/div>\n\n\n\n<div class=\"blockart-column blockart-column-4f7575e0\"><div class=\"blockart-column-inner\">\n<div class=\"blockart-image blockart-image-1af5d084\"><img decoding=\"async\" loading=\"lazy\" class=\"wp-image-1272\" src=\"https:\/\/sbdtdf.com.br\/wp-content\/uploads\/2023\/05\/T.png\" alt=\"\" height=\"966\" width=\"804\" srcset=\"https:\/\/sbdtdf.com.br\/wp-content\/uploads\/2023\/05\/T.png 804w, https:\/\/sbdtdf.com.br\/wp-content\/uploads\/2023\/05\/T-250x300.png 250w, https:\/\/sbdtdf.com.br\/wp-content\/uploads\/2023\/05\/T-768x923.png 768w\" sizes=\"(max-width: 804px) 100vw, 804px\" \/><\/div>\n\n\n\n<h3 class=\"blockart-heading blockart-heading-67710e37\">Dr. Keydson Agustine Sousa Santos<\/h3>\n\n\n\n<p class=\"blockart-paragraph blockart-paragraph-96defc93\">Tesoureiro<\/p>\n\n\n\n<p class=\"blockart-paragraph blockart-paragraph-79cd3606\"><a href=\"https:\/\/sbdtdf.com.br\/?page_id=1316\" title=\"Keydson Agustine\">Ver mais..<\/a><\/p>\n<\/div><\/div>\n<\/div><\/div><\/div>\n\n\n\n<div class=\"blockart-section blockart-section-7f90328d\"><div class=\"blockart-container\"><div class=\"blockart-section-inner\">\n<div class=\"blockart-column blockart-column-3e7adbc9\"><div class=\"blockart-column-inner\">\n<div class=\"blockart-image blockart-image-158a50a0\"><img decoding=\"async\" loading=\"lazy\" class=\"wp-image-1270\" src=\"https:\/\/sbdtdf.com.br\/wp-content\/uploads\/2023\/05\/S2.png\" alt=\"\" height=\"966\" width=\"803\" srcset=\"https:\/\/sbdtdf.com.br\/wp-content\/uploads\/2023\/05\/S2.png 803w, https:\/\/sbdtdf.com.br\/wp-content\/uploads\/2023\/05\/S2-249x300.png 249w, https:\/\/sbdtdf.com.br\/wp-content\/uploads\/2023\/05\/S2-768x924.png 768w\" sizes=\"(max-width: 803px) 100vw, 803px\" \/><\/div>\n\n\n\n<h3 class=\"blockart-heading blockart-heading-66af0e1e\">Dra. Grasielle Rodrigues Santana<\/h3>\n\n\n\n<p class=\"blockart-paragraph blockart-paragraph-6f99b72c\">Secret\u00e1ria<\/p>\n\n\n\n<p class=\"blockart-paragraph blockart-paragraph-a654ca35\"><a href=\"https:\/\/sbdtdf.com.br\/?page_id=1318\" target=\"_blank\" rel=\"noopener\" title=\"Grasielle Rodrigues\">Ver <\/a><a href=\"https:\/\/sbdtdf.com.br\/?page_id=1318\" title=\"Grasielle Rodrigues\">mais<\/a><a href=\"https:\/\/sbdtdf.com.br\/?page_id=1318\" target=\"_blank\" rel=\"noopener\" title=\"Grasielle Rodrigues\">..<\/a><\/p>\n<\/div><\/div>\n\n\n\n<div class=\"blockart-column blockart-column-643eef37\"><div class=\"blockart-column-inner\">\n<div class=\"blockart-image blockart-image-36b2c537\"><img decoding=\"async\" loading=\"lazy\" class=\"wp-image-1269\" src=\"https:\/\/sbdtdf.com.br\/wp-content\/uploads\/2023\/05\/S1.png\" alt=\"\" height=\"967\" width=\"804\" srcset=\"https:\/\/sbdtdf.com.br\/wp-content\/uploads\/2023\/05\/S1.png 804w, https:\/\/sbdtdf.com.br\/wp-content\/uploads\/2023\/05\/S1-249x300.png 249w, https:\/\/sbdtdf.com.br\/wp-content\/uploads\/2023\/05\/S1-768x924.png 768w\" sizes=\"(max-width: 804px) 100vw, 804px\" \/><\/div>\n\n\n\n<h3 class=\"blockart-heading blockart-heading-94eb58d5\">Dra. Gabriela Matos Mezes<\/h3>\n\n\n\n<p class=\"blockart-paragraph blockart-paragraph-b41df261\">Secret\u00e1ria<\/p>\n\n\n\n<p class=\"blockart-paragraph blockart-paragraph-52cba71a\"><a href=\"https:\/\/sbdtdf.com.br\/?page_id=1320\" title=\"Gabriela Matos\">Ver mais..<\/a><\/p>\n<\/div><\/div>\n\n\n\n<div class=\"blockart-column blockart-column-a9e06907\"><div class=\"blockart-column-inner\">\n<div class=\"blockart-image blockart-image-ee582751\"><img decoding=\"async\" loading=\"lazy\" class=\"wp-image-1271\" src=\"https:\/\/sbdtdf.com.br\/wp-content\/uploads\/2023\/05\/S3.png\" alt=\"\" height=\"966\" width=\"803\" srcset=\"https:\/\/sbdtdf.com.br\/wp-content\/uploads\/2023\/05\/S3.png 803w, https:\/\/sbdtdf.com.br\/wp-content\/uploads\/2023\/05\/S3-249x300.png 249w, https:\/\/sbdtdf.com.br\/wp-content\/uploads\/2023\/05\/S3-768x924.png 768w\" sizes=\"(max-width: 803px) 100vw, 803px\" \/><\/div>\n\n\n\n<h3 class=\"blockart-heading blockart-heading-7d5607e8\">Dra. Gessica Moreira Andrade<\/h3>\n\n\n\n<p class=\"blockart-paragraph blockart-paragraph-95fb3251\">Secret\u00e1ria<\/p>\n\n\n\n<p class=\"blockart-paragraph blockart-paragraph-a74cd031\"><a href=\"https:\/\/sbdtdf.com.br\/?page_id=1322\" target=\"_blank\" rel=\"noopener\" title=\"Gessica Moreira\">Ver <\/a><a href=\"https:\/\/sbdtdf.com.br\/?page_id=1322\" title=\"Gessica Moreira\">mais<\/a><a href=\"https:\/\/sbdtdf.com.br\/?page_id=1322\" target=\"_blank\" rel=\"noopener\" title=\"Gessica Moreira\">..<\/a><\/p>\n<\/div><\/div>\n\n\n\n<div class=\"blockart-column blockart-column-6432ac96\"><div class=\"blockart-column-inner\">\n<h3 class=\"blockart-heading blockart-heading-cbc90ba0\"><\/h3>\n\n\n\n<p class=\"blockart-paragraph blockart-paragraph-3a8a2dfb\">.<\/p>\n<\/div><\/div>\n<\/div><\/div><\/div>\n\n\n\n<div class=\"blockart-section blockart-section-d8a31c46\"><div class=\"blockart-container\"><div class=\"blockart-section-inner\">\n<div class=\"blockart-column blockart-column-997321c6\"><div class=\"blockart-column-inner\">\n<h2 class=\"blockart-heading blockart-heading-2627c2f8\">Tem alguma pergunta?<\/h2>\n\n\n\n<p class=\"blockart-paragraph blockart-paragraph-56ab1d8a\">texto introdutivo para contatar a fim de sanar alguma d\u00favida.<\/p>\n<\/div><\/div>\n\n\n\n<div class=\"blockart-column blockart-column-470f65cb\"><div class=\"blockart-column-inner\">\n<div class=\"blockart-buttons blockart-buttons-4d0c4f2f is-justification-right is-horizontal is-wrap\">\n<div class=\"blockart-button blockart-button-8586a099 \"><a class=\"blockart-button-link is-custom is-style-filled\" href=\"https:\/\/www.sbdtdf.com.br\/?page_id=582\">CONTATO<\/a><\/div>\n<\/div>\n<\/div><\/div>\n<\/div><\/div><\/div>\n\n\n\n<div class=\"blockart-section blockart-section-d8bb7b25\"><div class=\"blockart-container\"><div class=\"blockart-section-inner\">\n<div class=\"blockart-column blockart-column-e70448c7\"><div class=\"blockart-column-inner\"><\/div><\/div>\n\n\n\n<div class=\"blockart-column blockart-column-716dcbed\"><div class=\"blockart-column-inner\">\n<div class=\"blockart-image blockart-image-41c122c1\"><a href=\"https:\/\/www.facebook.com\/\"><img decoding=\"async\" loading=\"lazy\" class=\"wp-image-1144\" src=\"https:\/\/sbdtdf.com.br\/wp-content\/uploads\/2023\/04\/Design-sem-nome-2023-04-16T210944.510.png\" alt=\"\" width=\"40\" height=\"40\"><\/a><\/div>\n<\/div><\/div>\n\n\n\n<div class=\"blockart-column blockart-column-b0322e25\"><div class=\"blockart-column-inner\">\n<div class=\"blockart-image blockart-image-9ad0c8b0\"><a href=\"https:\/\/www.instagram.com\/sbdtpneumologia\/\"><img decoding=\"async\" loading=\"lazy\" class=\"wp-image-1145\" src=\"https:\/\/sbdtdf.com.br\/wp-content\/uploads\/2023\/04\/Design-sem-nome-2023-04-16T211034.590.png\" alt=\"\" width=\"40\" height=\"40\"><\/a><\/div>\n<\/div><\/div>\n\n\n\n<div class=\"blockart-column blockart-column-7fe6faa4\"><div class=\"blockart-column-inner\">\n<div class=\"blockart-image blockart-image-e8b7db51\"><a href=\"https:\/\/m.youtube.com\/channel\/UCTzvoqS8mYMxEGRHmPAZi7g\"><img decoding=\"async\" loading=\"lazy\" class=\"wp-image-1146\" src=\"https:\/\/sbdtdf.com.br\/wp-content\/uploads\/2023\/04\/Design-sem-nome-2023-04-16T211116.224.png\" alt=\"\" width=\"40\" height=\"40\"><\/a><\/div>\n<\/div><\/div>\n\n\n\n<div class=\"blockart-column blockart-column-ce805f44\"><div class=\"blockart-column-inner\"><\/div><\/div>\n<\/div><\/div><\/div>\n","protected":false},"excerpt":{"rendered":"","protected":false},"author":1,"featured_media":0,"parent":0,"menu_order":0,"comment_status":"closed","ping_status":"closed","template":"page-templates\/pagebuilder.php","meta":{"om_disable_all_campaigns":false,"_mi_skip_tracking":false},"aioseo_notices":[],"_links":{"self":[{"href":"https:\/\/sbdtdf.com.br\/index.php?rest_route=\/wp\/v2\/pages\/563"}],"collection":[{"href":"https:\/\/sbdtdf.com.br\/index.php?rest_route=\/wp\/v2\/pages"}],"about":[{"href":"https:\/\/sbdtdf.com.br\/index.php?rest_route=\/wp\/v2\/types\/page"}],"author":[{"embeddable":true,"href":"https:\/\/sbdtdf.com.br\/index.php?rest_route=\/wp\/v2\/users\/1"}],"replies":[{"embeddable":true,"href":"https:\/\/sbdtdf.com.br\/index.php?rest_route=%2Fwp%2Fv2%2Fcomments&post=563"}],"version-history":[{"count":28,"href":"https:\/\/sbdtdf.com.br\/index.php?rest_route=\/wp\/v2\/pages\/563\/revisions"}],"predecessor-version":[{"id":1463,"href":"https:\/\/sbdtdf.com.br\/index.php?rest_route=\/wp\/v2\/pages\/563\/revisions\/1463"}],"wp:attachment":[{"href":"https:\/\/sbdtdf.com.br\/index.php?rest_route=%2Fwp%2Fv2%2Fmedia&parent=563"}],"curies":[{"name":"wp","href":"https:\/\/api.w.org\/{rel}","templated":true}]}}